{"id":1107,"date":"2022-07-16T07:13:06","date_gmt":"2022-07-16T07:13:06","guid":{"rendered":"https:\/\/themexriver.com\/wp\/barnix\/?page_id=1107"},"modified":"2025-10-08T10:28:43","modified_gmt":"2025-10-08T08:28:43","slug":"proyectos","status":"publish","type":"page","link":"https:\/\/emprendiciencia.com\/?page_id=1107","title":{"rendered":"Project"},"content":{"rendered":"\t\t<div data-elementor-type=\"wp-page\" data-elementor-id=\"1107\" class=\"elementor elementor-1107\">\n\t\t\t\t\t\t<section class=\"elementor-section elementor-top-section elementor-element elementor-element-f91607d elementor-section-full_width elementor-section-height-default elementor-section-height-default\" data-id=\"f91607d\" data-element_type=\"section\">\n\t\t\t\t\t\t<div class=\"elementor-container elementor-column-gap-no\">\n\t\t\t\t\t<div class=\"elementor-column elementor-col-100 elementor-top-column elementor-element elementor-element-da17d35\" data-id=\"da17d35\" data-element_type=\"column\">\n\t\t\t<div class=\"elementor-widget-wrap elementor-element-populated\">\n\t\t\t\t\t\t<div class=\"elementor-element elementor-element-2311d20 elementor-widget elementor-widget-barnix-breadcrumb-banner\" data-id=\"2311d20\" data-element_type=\"widget\" data-widget_type=\"barnix-breadcrumb-banner.default\">\n\t\t\t\t<div class=\"elementor-widget-container\">\n\t\t\t\t\t    <!-- Page Title -->\r\n    <section class=\"page-title\">\r\n\t\t<div class=\"auto-container\">\r\n            <div class=\"content\">\r\n                \t\t\t\t<h2>Proyectos realizados<\/h2>\r\n                                \t\t\t\t<!-- Button Box -->\r\n\t\t\t\t<div class=\"button-box\">\r\n\t\t\t\t\t<a href=\"mailto:hola@emprendiciencia.com\" class=\"theme-btn btn-style-eleven clearfix\">\r\n\t\t\t\t\t\t<span class=\"btn-wrap\">\r\n\t\t\t\t\t\t\t<span class=\"text-one\">\u00bfte ayudamos en un proyecto?<\/span>\r\n\t\t\t\t\t\t\t<span class=\"text-two\">\u00bfte ayudamos en un proyecto?<\/span>\r\n\t\t\t\t\t\t<\/span>\r\n\t\t\t\t\t<\/a>\r\n\t\t\t\t<\/div>\r\n\t\t\t\t<!-- End Button Box -->\r\n                \t\t\t<\/div>\r\n\t\t<\/div>\r\n\t<\/section>\r\n\t<!-- End Page Title -->\r\n    \t\t\t\t<\/div>\n\t\t\t\t<\/div>\n\t\t\t\t\t<\/div>\n\t\t<\/div>\n\t\t\t\t\t<\/div>\n\t\t<\/section>\n\t\t\t\t<section class=\"elementor-section elementor-top-section elementor-element elementor-element-d8744e0 elementor-section-boxed elementor-section-height-default elementor-section-height-default\" data-id=\"d8744e0\" data-element_type=\"section\">\n\t\t\t\t\t\t<div class=\"elementor-container elementor-column-gap-default\">\n\t\t\t\t\t<div class=\"elementor-column elementor-col-100 elementor-top-column elementor-element elementor-element-b7b1bb6\" data-id=\"b7b1bb6\" data-element_type=\"column\">\n\t\t\t<div class=\"elementor-widget-wrap elementor-element-populated\">\n\t\t\t\t\t\t<div class=\"elementor-element elementor-element-28d2c48 elementor-widget elementor-widget-barnix-project-widget-v2\" data-id=\"28d2c48\" data-element_type=\"widget\" data-widget_type=\"barnix-project-widget-v2.default\">\n\t\t\t\t<div class=\"elementor-widget-container\">\n\t\t\t\t\t    <!-- Portfolio Section Two -->\r\n    \t<section class=\"portfolio-section-two\">\r\n\t\t<div class=\"auto-container\">\r\n\t\t\t<div class=\"row clearfix\">\r\n            \r\n                \t\t\t\t<!-- Portfolio Block Two -->\r\n\t\t\t\t<div class=\"portfolio-block-two col-lg-6 col-md-6 col-sm-12\">\r\n\t\t\t\t\t<div class=\"inner-box\">\r\n\t\t\t\t\t\t<div class=\"image\">\r\n\t\t\t\t\t\t\t<a href=\"https:\/\/emprendiciencia.com\/?projects=estudio-tecnico-fab-lab-estacion-arte-ponferrada-2\"><img fetchpriority=\"high\" decoding=\"async\" width=\"573\" height=\"348\" src=\"https:\/\/emprendiciencia.com\/wp-content\/uploads\/2024\/12\/EstacionArte-573x348.jpg\" class=\"attachment-barnix-573x348 size-barnix-573x348 wp-post-image\" alt=\"\" \/><\/a>\r\n\t\t\t\t\t\t<\/div>\r\n\t\t\t\t\t\t<div class=\"lower-content clearfix\">\r\n\t\t\t\t\t\t\t<div class=\"pull-left\">\r\n\t\t\t\t\t\t\t\t<h4><a href=\"https:\/\/emprendiciencia.com\/?projects=estudio-tecnico-fab-lab-estacion-arte-ponferrada-2\">Estudio t\u00e9cnico Fab Lab Estaci\u00f3n Arte Ponferrada<\/a><\/h4>\r\n\t\t\t\t\t\t\t\t<div class=\"designation\">Innovaci\u00f3n Social, Movimiento Maker, Transformaci\u00f3n digital<\/div>\r\n\t\t\t\t\t\t\t<\/div>\r\n\t\t\t\t\t\t\t<div class=\"pull-right\">\r\n\t\t\t\t\t\t\t\t<a href=\"https:\/\/emprendiciencia.com\/?projects=estudio-tecnico-fab-lab-estacion-arte-ponferrada-2\" class=\"arrow flaticon-right-arrow-1\"><\/a>\r\n\t\t\t\t\t\t\t<\/div>\r\n\t\t\t\t\t\t<\/div>\r\n\t\t\t\t\t<\/div>\r\n\t\t\t\t<\/div>\r\n\t\t\t\t\t\t\t\t<!-- Portfolio Block Two -->\r\n\t\t\t\t<div class=\"portfolio-block-two col-lg-6 col-md-6 col-sm-12\">\r\n\t\t\t\t\t<div class=\"inner-box\">\r\n\t\t\t\t\t\t<div class=\"image\">\r\n\t\t\t\t\t\t\t<a href=\"https:\/\/emprendiciencia.com\/?projects=retes-retos-en-economia-social\"><img decoding=\"async\" width=\"573\" height=\"348\" src=\"https:\/\/emprendiciencia.com\/wp-content\/uploads\/2024\/11\/retes-1-573x348.png\" class=\"attachment-barnix-573x348 size-barnix-573x348 wp-post-image\" alt=\"\" \/><\/a>\r\n\t\t\t\t\t\t<\/div>\r\n\t\t\t\t\t\t<div class=\"lower-content clearfix\">\r\n\t\t\t\t\t\t\t<div class=\"pull-left\">\r\n\t\t\t\t\t\t\t\t<h4><a href=\"https:\/\/emprendiciencia.com\/?projects=retes-retos-en-economia-social\">RETES (Retos en Econom\u00eda Social)<\/a><\/h4>\r\n\t\t\t\t\t\t\t\t<div class=\"designation\">Econom\u00eda Social, Innovaci\u00f3n Social<\/div>\r\n\t\t\t\t\t\t\t<\/div>\r\n\t\t\t\t\t\t\t<div class=\"pull-right\">\r\n\t\t\t\t\t\t\t\t<a href=\"https:\/\/emprendiciencia.com\/?projects=retes-retos-en-economia-social\" class=\"arrow flaticon-right-arrow-1\"><\/a>\r\n\t\t\t\t\t\t\t<\/div>\r\n\t\t\t\t\t\t<\/div>\r\n\t\t\t\t\t<\/div>\r\n\t\t\t\t<\/div>\r\n\t\t\t\t\t\t\t\t<!-- Portfolio Block Two -->\r\n\t\t\t\t<div class=\"portfolio-block-two col-lg-6 col-md-6 col-sm-12\">\r\n\t\t\t\t\t<div class=\"inner-box\">\r\n\t\t\t\t\t\t<div class=\"image\">\r\n\t\t\t\t\t\t\t<a href=\"https:\/\/emprendiciencia.com\/?projects=escuela-de-pastores-de-jaen\"><img decoding=\"async\" width=\"573\" height=\"348\" src=\"https:\/\/emprendiciencia.com\/wp-content\/uploads\/2024\/11\/Escuela-Pastores-1-573x348.png\" class=\"attachment-barnix-573x348 size-barnix-573x348 wp-post-image\" alt=\"\" \/><\/a>\r\n\t\t\t\t\t\t<\/div>\r\n\t\t\t\t\t\t<div class=\"lower-content clearfix\">\r\n\t\t\t\t\t\t\t<div class=\"pull-left\">\r\n\t\t\t\t\t\t\t\t<h4><a href=\"https:\/\/emprendiciencia.com\/?projects=escuela-de-pastores-de-jaen\">Escuela de pastores de Ja\u00e9n<\/a><\/h4>\r\n\t\t\t\t\t\t\t\t<div class=\"designation\">Centros de Innovaci\u00f3n Territorial, Innovaci\u00f3n Social, Transformaci\u00f3n digital<\/div>\r\n\t\t\t\t\t\t\t<\/div>\r\n\t\t\t\t\t\t\t<div class=\"pull-right\">\r\n\t\t\t\t\t\t\t\t<a href=\"https:\/\/emprendiciencia.com\/?projects=escuela-de-pastores-de-jaen\" class=\"arrow flaticon-right-arrow-1\"><\/a>\r\n\t\t\t\t\t\t\t<\/div>\r\n\t\t\t\t\t\t<\/div>\r\n\t\t\t\t\t<\/div>\r\n\t\t\t\t<\/div>\r\n\t\t\t\t\t\t\t\t<!-- Portfolio Block Two -->\r\n\t\t\t\t<div class=\"portfolio-block-two col-lg-6 col-md-6 col-sm-12\">\r\n\t\t\t\t\t<div class=\"inner-box\">\r\n\t\t\t\t\t\t<div class=\"image\">\r\n\t\t\t\t\t\t\t<a href=\"https:\/\/emprendiciencia.com\/?projects=madrid-rural-lab\"><img loading=\"lazy\" decoding=\"async\" width=\"573\" height=\"348\" src=\"https:\/\/emprendiciencia.com\/wp-content\/uploads\/2024\/11\/MadRuralLab-573x348.png\" class=\"attachment-barnix-573x348 size-barnix-573x348 wp-post-image\" alt=\"\" \/><\/a>\r\n\t\t\t\t\t\t<\/div>\r\n\t\t\t\t\t\t<div class=\"lower-content clearfix\">\r\n\t\t\t\t\t\t\t<div class=\"pull-left\">\r\n\t\t\t\t\t\t\t\t<h4><a href=\"https:\/\/emprendiciencia.com\/?projects=madrid-rural-lab\">Madrid Rural Lab<\/a><\/h4>\r\n\t\t\t\t\t\t\t\t<div class=\"designation\">Innovaci\u00f3n Social, Movimiento Maker, Transformaci\u00f3n digital<\/div>\r\n\t\t\t\t\t\t\t<\/div>\r\n\t\t\t\t\t\t\t<div class=\"pull-right\">\r\n\t\t\t\t\t\t\t\t<a href=\"https:\/\/emprendiciencia.com\/?projects=madrid-rural-lab\" class=\"arrow flaticon-right-arrow-1\"><\/a>\r\n\t\t\t\t\t\t\t<\/div>\r\n\t\t\t\t\t\t<\/div>\r\n\t\t\t\t\t<\/div>\r\n\t\t\t\t<\/div>\r\n\t\t\t\t\t\t\t\t<!-- Portfolio Block Two -->\r\n\t\t\t\t<div class=\"portfolio-block-two col-lg-6 col-md-6 col-sm-12\">\r\n\t\t\t\t\t<div class=\"inner-box\">\r\n\t\t\t\t\t\t<div class=\"image\">\r\n\t\t\t\t\t\t\t<a href=\"https:\/\/emprendiciencia.com\/?projects=motion-product-print\"><img loading=\"lazy\" decoding=\"async\" width=\"573\" height=\"348\" src=\"https:\/\/emprendiciencia.com\/wp-content\/uploads\/2022\/07\/CircularFAB-1-573x348.png\" class=\"attachment-barnix-573x348 size-barnix-573x348 wp-post-image\" alt=\"\" \/><\/a>\r\n\t\t\t\t\t\t<\/div>\r\n\t\t\t\t\t\t<div class=\"lower-content clearfix\">\r\n\t\t\t\t\t\t\t<div class=\"pull-left\">\r\n\t\t\t\t\t\t\t\t<h4><a href=\"https:\/\/emprendiciencia.com\/?projects=motion-product-print\">Red de centros Circular FAB<\/a><\/h4>\r\n\t\t\t\t\t\t\t\t<div class=\"designation\">Centros de Innovaci\u00f3n Territorial, Innovaci\u00f3n Social, Movimiento Maker, Transformaci\u00f3n digital<\/div>\r\n\t\t\t\t\t\t\t<\/div>\r\n\t\t\t\t\t\t\t<div class=\"pull-right\">\r\n\t\t\t\t\t\t\t\t<a href=\"https:\/\/emprendiciencia.com\/?projects=motion-product-print\" class=\"arrow flaticon-right-arrow-1\"><\/a>\r\n\t\t\t\t\t\t\t<\/div>\r\n\t\t\t\t\t\t<\/div>\r\n\t\t\t\t\t<\/div>\r\n\t\t\t\t<\/div>\r\n\t\t\t\t\t\t\t\t<!-- Portfolio Block Two -->\r\n\t\t\t\t<div class=\"portfolio-block-two col-lg-6 col-md-6 col-sm-12\">\r\n\t\t\t\t\t<div class=\"inner-box\">\r\n\t\t\t\t\t\t<div class=\"image\">\r\n\t\t\t\t\t\t\t<a href=\"https:\/\/emprendiciencia.com\/?projects=banner-product-print\"><img loading=\"lazy\" decoding=\"async\" width=\"573\" height=\"348\" src=\"https:\/\/emprendiciencia.com\/wp-content\/uploads\/2022\/07\/pegasus-573x348.png\" class=\"attachment-barnix-573x348 size-barnix-573x348 wp-post-image\" alt=\"\" srcset=\"https:\/\/emprendiciencia.com\/wp-content\/uploads\/2022\/07\/pegasus-573x348.png 573w, https:\/\/emprendiciencia.com\/wp-content\/uploads\/2022\/07\/pegasus-300x182.png 300w, https:\/\/emprendiciencia.com\/wp-content\/uploads\/2022\/07\/pegasus-1024x622.png 1024w, https:\/\/emprendiciencia.com\/wp-content\/uploads\/2022\/07\/pegasus-768x466.png 768w, https:\/\/emprendiciencia.com\/wp-content\/uploads\/2022\/07\/pegasus.png 1500w\" sizes=\"(max-width: 573px) 100vw, 573px\" \/><\/a>\r\n\t\t\t\t\t\t<\/div>\r\n\t\t\t\t\t\t<div class=\"lower-content clearfix\">\r\n\t\t\t\t\t\t\t<div class=\"pull-left\">\r\n\t\t\t\t\t\t\t\t<h4><a href=\"https:\/\/emprendiciencia.com\/?projects=banner-product-print\">Streaming foto&#038;v\u00eddeo 360 desde helic\u00f3pteros<\/a><\/h4>\r\n\t\t\t\t\t\t\t\t<div class=\"designation\">Transformaci\u00f3n digital<\/div>\r\n\t\t\t\t\t\t\t<\/div>\r\n\t\t\t\t\t\t\t<div class=\"pull-right\">\r\n\t\t\t\t\t\t\t\t<a href=\"https:\/\/emprendiciencia.com\/?projects=banner-product-print\" class=\"arrow flaticon-right-arrow-1\"><\/a>\r\n\t\t\t\t\t\t\t<\/div>\r\n\t\t\t\t\t\t<\/div>\r\n\t\t\t\t\t<\/div>\r\n\t\t\t\t<\/div>\r\n\t\t\t\t\t\t\t<\/div>\r\n\t\t\t\r\n\t\t\t<!-- Styled Pagination -->\r\n\t\t\t<ul class=\"styled-pagination text-center clearfix\">\n\t<li><span aria-current=\"page\" class=\"page-numbers current\">1<\/span><\/li>\n\t<li><a class=\"page-numbers\" href=\"https:\/\/emprendiciencia.com\/index.php?rest_route=%2Fwp%2Fv2%2Fpages%2F1107&#038;paged=2\">2<\/a><\/li>\n\t<li><a class=\"next page-numbers\" href=\"https:\/\/emprendiciencia.com\/index.php?rest_route=%2Fwp%2Fv2%2Fpages%2F1107&#038;paged=2\"><i class=\"flaticon-right-arrow\"><\/i> <\/a><\/li>\n<\/ul>\n\t\t\t<!-- End Styled Pagination -->\r\n\t\t\t\r\n\t\t<\/div>\r\n\t<\/section>\r\n\t<!-- End Portfolio Section Two -->\r\n        \t\t\t\t<\/div>\n\t\t\t\t<\/div>\n\t\t\t\t\t<\/div>\n\t\t<\/div>\n\t\t\t\t\t<\/div>\n\t\t<\/section>\n\t\t\t\t<\/div>\n\t\t","protected":false},"excerpt":{"rendered":"<p>Proyectos realizados \u00bfte ayudamos en un proyecto? \u00bfte ayudamos en un proyecto? Plataforma participa Extremadura Econom\u00eda social verde y circular, Transformaci\u00f3n digital Plataforma Participa Extremadura Proyecto POCTEP Interreg LOCALCIR Econom\u00eda social verde y circular, Transformaci\u00f3n digital Red de centros Circular FAB Entornos Rurales Inteligentes Streaming foto&#038;v\u00eddeo 360 desde helic\u00f3pteros Transformaci\u00f3n digital Escuela virtual EJESEC Econom\u00eda [&hellip;]<\/p>\n","protected":false},"author":1,"featured_media":0,"parent":0,"menu_order":0,"comment_status":"closed","ping_status":"closed","template":"barnix-template.php","meta":{"inline_featured_image":false,"footnotes":""},"class_list":["post-1107","page","type-page","status-publish","hentry"],"aioseo_notices":[],"_links":{"self":[{"href":"https:\/\/emprendiciencia.com\/index.php?rest_route=\/wp\/v2\/pages\/1107","targetHints":{"allow":["GET"]}}],"collection":[{"href":"https:\/\/emprendiciencia.com\/index.php?rest_route=\/wp\/v2\/pages"}],"about":[{"href":"https:\/\/emprendiciencia.com\/index.php?rest_route=\/wp\/v2\/types\/page"}],"author":[{"embeddable":true,"href":"https:\/\/emprendiciencia.com\/index.php?rest_route=\/wp\/v2\/users\/1"}],"replies":[{"embeddable":true,"href":"https:\/\/emprendiciencia.com\/index.php?rest_route=%2Fwp%2Fv2%2Fcomments&post=1107"}],"version-history":[{"count":6,"href":"https:\/\/emprendiciencia.com\/index.php?rest_route=\/wp\/v2\/pages\/1107\/revisions"}],"predecessor-version":[{"id":2012,"href":"https:\/\/emprendiciencia.com\/index.php?rest_route=\/wp\/v2\/pages\/1107\/revisions\/2012"}],"wp:attachment":[{"href":"https:\/\/emprendiciencia.com\/index.php?rest_route=%2Fwp%2Fv2%2Fmedia&parent=1107"}],"curies":[{"name":"wp","href":"https:\/\/api.w.org\/{rel}","templated":true}]}}