{"id":2368,"date":"2024-12-03T13:12:39","date_gmt":"2024-12-03T11:12:39","guid":{"rendered":"https:\/\/emprendiciencia.com\/?page_id=2368"},"modified":"2025-10-08T10:29:04","modified_gmt":"2025-10-08T08:29:04","slug":"terminos-y-condiciones","status":"publish","type":"page","link":"https:\/\/emprendiciencia.com\/?page_id=2368","title":{"rendered":"T\u00e9rminos y Condiciones"},"content":{"rendered":"\t\t<div data-elementor-type=\"wp-page\" data-elementor-id=\"2368\" class=\"elementor elementor-2368\">\n\t\t\t\t\t\t<section class=\"elementor-section elementor-top-section elementor-element elementor-element-1d3fab30 elementor-section-boxed elementor-section-height-default elementor-section-height-default\" data-id=\"1d3fab30\" data-element_type=\"section\">\n\t\t\t\t\t\t<div class=\"elementor-container elementor-column-gap-default\">\n\t\t\t\t\t<div class=\"elementor-column elementor-col-100 elementor-top-column elementor-element elementor-element-7767a249\" data-id=\"7767a249\" data-element_type=\"column\">\n\t\t\t<div class=\"elementor-widget-wrap elementor-element-populated\">\n\t\t\t\t\t\t<div class=\"elementor-element elementor-element-5f924a86 elementor-widget elementor-widget-text-editor\" data-id=\"5f924a86\" data-element_type=\"widget\" data-widget_type=\"text-editor.default\">\n\t\t\t\t<div class=\"elementor-widget-container\">\n\t\t\t\t\t\t\t\t\t\n<p>Bienvenido a <a href=\"http:\/\/www.emprendiciencia.com\"><strong>www.emprendiciencia.com<\/strong><\/a>, el sitio web de <strong>Emprendiciencia Sociedad Cooperativa Especial<\/strong>. Al utilizar este sitio, usted acepta los t\u00e9rminos y condiciones descritos a continuaci\u00f3n. Si no est\u00e1 de acuerdo con alguno de estos t\u00e9rminos, le solicitamos que no utilice el sitio web.<\/p>\n\n<p><strong>1. Titularidad del Sitio Web<\/strong><\/p>\n\n<p>Este sitio web es propiedad de:<\/p>\n\n<p>\u2022 <strong>Nombre de la entidad:<\/strong> Emprendiciencia Sociedad Cooperativa Especial<\/p>\n\n<p>\u2022 <strong>Domicilio:<\/strong> Calle Granados 61, 1\u00baB, 06200 Almendralejo, Badajoz<\/p>\n\n<p>\u2022 <strong>Correo electr\u00f3nico de contacto:<\/strong> <a href=\"mailto:hola@emprendiciencia.com\">hola@emprendiciencia.com<\/a><\/p>\n\n<p><strong>2. Uso del Sitio Web<\/strong><\/p>\n\n<p>El sitio web tiene como finalidad proporcionar informaci\u00f3n sobre las actividades y servicios de Emprendiciencia Sociedad Cooperativa Especial, incluyendo la publicaci\u00f3n de contenidos en su blog.<\/p>\n\n<p>El usuario se compromete a utilizar el sitio web de forma responsable y conforme a la normativa aplicable, evitando cualquier actividad que pueda da\u00f1ar su funcionamiento, contenido o reputaci\u00f3n.<\/p>\n\n<p><strong>3. Propiedad Intelectual<\/strong><\/p>\n\n<p>Todos los contenidos publicados en este sitio web, incluyendo textos, im\u00e1genes, gr\u00e1ficos, logotipos (excepto los de los clientes) y otros materiales, son propiedad exclusiva de <strong>Emprendiciencia Sociedad Cooperativa Especial<\/strong>.<\/p>\n\n<p>Se proh\u00edbe la reproducci\u00f3n, distribuci\u00f3n, comunicaci\u00f3n p\u00fablica o transformaci\u00f3n de cualquier contenido del sitio sin el consentimiento previo y por escrito del titular.<\/p>\n\n<p>El uso no autorizado del contenido ser\u00e1 considerado una infracci\u00f3n de los derechos de propiedad intelectual o industrial protegidos por la ley.<\/p>\n\n<p><strong>4. Limitaci\u00f3n de Responsabilidad<\/strong><\/p>\n\n<p>El contenido del sitio web se ofrece con fines informativos. Aunque nos esforzamos por garantizar la exactitud y actualidad de la informaci\u00f3n publicada, <strong>Emprendiciencia Sociedad Cooperativa Especial<\/strong> no asume responsabilidad por:<\/p>\n\n<p>\u2022 Errores u omisiones en los contenidos.<\/p>\n\n<p>\u2022 Da\u00f1os directos o indirectos derivados del uso de la informaci\u00f3n publicada.<\/p>\n\n<p>\u2022 Problemas t\u00e9cnicos o fallos que puedan afectar la funcionalidad del sitio.<\/p>\n\n<p><strong>5. Actualizaci\u00f3n de T\u00e9rminos y Condiciones<\/strong><\/p>\n\n<p>Los presentes t\u00e9rminos y condiciones ser\u00e1n revisados y actualizados cada 4 a\u00f1os o cuando lo exija la normativa aplicable. Cualquier cambio en los t\u00e9rminos ser\u00e1 publicado en esta p\u00e1gina con una indicaci\u00f3n clara de la fecha de la \u00faltima modificaci\u00f3n.<\/p>\n\n<p>Es responsabilidad del usuario revisar esta secci\u00f3n peri\u00f3dicamente para estar informado sobre las condiciones vigentes.<\/p>\n\n<p><strong>6. Jurisdicci\u00f3n y Legislaci\u00f3n Aplicable<\/strong><\/p>\n\n<p>Estos t\u00e9rminos y condiciones est\u00e1n sujetos a la legislaci\u00f3n espa\u00f1ola. Cualquier controversia relacionada con el uso del sitio web ser\u00e1 resuelta en los tribunales correspondientes al domicilio de Emprendiciencia Sociedad Cooperativa Especial, salvo que la normativa aplicable disponga lo contrario.<\/p>\n\n<p><strong>7. Contacto<\/strong><\/p>\n\n<p>Para consultas, comentarios o reclamaciones, puede contactarnos a trav\u00e9s de:<\/p>\n\n<p>\u2022 <strong>Correo electr\u00f3nico:<\/strong> <a href=\"mailto:hola@emprendiciencia.com\">hola@emprendiciencia.com<\/a><\/p>\n\n<p>\u2022 <strong>Direcci\u00f3n postal:<\/strong> Calle Granados 61, 1\u00baB, 06200 Almendralejo, Badajoz<\/p>\n\n<p><strong>\u00daltima actualizaci\u00f3n:<\/strong> diciembre 2024<\/p>\n\t\t\t\t\t\t\t\t<\/div>\n\t\t\t\t<\/div>\n\t\t\t\t\t<\/div>\n\t\t<\/div>\n\t\t\t\t\t<\/div>\n\t\t<\/section>\n\t\t\t\t<\/div>\n\t\t","protected":false},"excerpt":{"rendered":"<p>Bienvenido a www.emprendiciencia.com, el sitio web de Emprendiciencia Sociedad Cooperativa Especial. Al utilizar este sitio, usted acepta los t\u00e9rminos y condiciones descritos a continuaci\u00f3n. Si no est\u00e1 de acuerdo con alguno de estos t\u00e9rminos, le solicitamos que no utilice el sitio web. 1. Titularidad del Sitio Web Este sitio web es propiedad de: \u2022 Nombre [&hellip;]<\/p>\n","protected":false},"author":1,"featured_media":0,"parent":0,"menu_order":0,"comment_status":"closed","ping_status":"closed","template":"elementor_canvas","meta":{"inline_featured_image":false,"footnotes":""},"class_list":["post-2368","page","type-page","status-publish","hentry"],"aioseo_notices":[],"_links":{"self":[{"href":"https:\/\/emprendiciencia.com\/index.php?rest_route=\/wp\/v2\/pages\/2368","targetHints":{"allow":["GET"]}}],"collection":[{"href":"https:\/\/emprendiciencia.com\/index.php?rest_route=\/wp\/v2\/pages"}],"about":[{"href":"https:\/\/emprendiciencia.com\/index.php?rest_route=\/wp\/v2\/types\/page"}],"author":[{"embeddable":true,"href":"https:\/\/emprendiciencia.com\/index.php?rest_route=\/wp\/v2\/users\/1"}],"replies":[{"embeddable":true,"href":"https:\/\/emprendiciencia.com\/index.php?rest_route=%2Fwp%2Fv2%2Fcomments&post=2368"}],"version-history":[{"count":8,"href":"https:\/\/emprendiciencia.com\/index.php?rest_route=\/wp\/v2\/pages\/2368\/revisions"}],"predecessor-version":[{"id":2717,"href":"https:\/\/emprendiciencia.com\/index.php?rest_route=\/wp\/v2\/pages\/2368\/revisions\/2717"}],"wp:attachment":[{"href":"https:\/\/emprendiciencia.com\/index.php?rest_route=%2Fwp%2Fv2%2Fmedia&parent=2368"}],"curies":[{"name":"wp","href":"https:\/\/api.w.org\/{rel}","templated":true}]}}