{"id":598,"date":"2022-07-13T11:20:36","date_gmt":"2022-07-13T11:20:36","guid":{"rendered":"https:\/\/themexriver.com\/wp\/barnix\/?page_id=598"},"modified":"2025-10-08T11:38:58","modified_gmt":"2025-10-08T09:38:58","slug":"contacto","status":"publish","type":"page","link":"https:\/\/emprendiciencia.com\/?page_id=598","title":{"rendered":"Contact"},"content":{"rendered":"\t\t<div data-elementor-type=\"wp-page\" data-elementor-id=\"598\" class=\"elementor elementor-598\">\n\t\t\t\t\t\t<section class=\"elementor-section elementor-top-section elementor-element elementor-element-14fef10 elementor-section-full_width elementor-section-height-default elementor-section-height-default\" data-id=\"14fef10\" data-element_type=\"section\">\n\t\t\t\t\t\t<div class=\"elementor-container elementor-column-gap-no\">\n\t\t\t\t\t<div class=\"elementor-column elementor-col-100 elementor-top-column elementor-element elementor-element-475dcc6\" data-id=\"475dcc6\" data-element_type=\"column\">\n\t\t\t<div class=\"elementor-widget-wrap elementor-element-populated\">\n\t\t\t\t\t\t<div class=\"elementor-element elementor-element-b6e115c elementor-widget elementor-widget-barnix-breadcrumb-banner\" data-id=\"b6e115c\" data-element_type=\"widget\" data-widget_type=\"barnix-breadcrumb-banner.default\">\n\t\t\t\t<div class=\"elementor-widget-container\">\n\t\t\t\t\t    <!-- Page Title -->\r\n    <section class=\"page-title\">\r\n\t\t<div class=\"auto-container\">\r\n            <div class=\"content\">\r\n                \t\t\t\t<h2>Contacta con nosotros<\/h2>\r\n                                \t\t\t\t<!-- Button Box -->\r\n\t\t\t\t<div class=\"button-box\">\r\n\t\t\t\t\t<a href=\"mailto:hola@emprendiciencia.com\" class=\"theme-btn btn-style-eleven clearfix\">\r\n\t\t\t\t\t\t<span class=\"btn-wrap\">\r\n\t\t\t\t\t\t\t<span class=\"text-one\">v\u00eda email<\/span>\r\n\t\t\t\t\t\t\t<span class=\"text-two\">v\u00eda email<\/span>\r\n\t\t\t\t\t\t<\/span>\r\n\t\t\t\t\t<\/a>\r\n\t\t\t\t<\/div>\r\n\t\t\t\t<!-- End Button Box -->\r\n                \t\t\t<\/div>\r\n\t\t<\/div>\r\n\t<\/section>\r\n\t<!-- End Page Title -->\r\n    \t\t\t\t<\/div>\n\t\t\t\t<\/div>\n\t\t\t\t\t<\/div>\n\t\t<\/div>\n\t\t\t\t\t<\/div>\n\t\t<\/section>\n\t\t\t\t<section class=\"elementor-section elementor-top-section elementor-element elementor-element-bb8f789 elementor-section-full_width elementor-section-height-default elementor-section-height-default\" data-id=\"bb8f789\" data-element_type=\"section\">\n\t\t\t\t\t\t<div class=\"elementor-container elementor-column-gap-no\">\n\t\t\t\t\t<div class=\"elementor-column elementor-col-100 elementor-top-column elementor-element elementor-element-6cf679f\" data-id=\"6cf679f\" data-element_type=\"column\">\n\t\t\t<div class=\"elementor-widget-wrap elementor-element-populated\">\n\t\t\t\t\t\t<div class=\"elementor-element elementor-element-ad733af elementor-widget elementor-widget-google_maps\" data-id=\"ad733af\" data-element_type=\"widget\" data-widget_type=\"google_maps.default\">\n\t\t\t\t<div class=\"elementor-widget-container\">\n\t\t\t\t\t\t\t<div class=\"elementor-custom-embed\">\n\t\t\t<iframe loading=\"lazy\"\n\t\t\t\t\tsrc=\"https:\/\/maps.google.com\/maps?q=Calle%20P%C3%ADo%20Baroja%2C%207%20%2C%20M%C3%A9rida&#038;t=m&#038;z=17&#038;output=embed&#038;iwloc=near\"\n\t\t\t\t\ttitle=\"Calle P\u00edo Baroja, 7 , M\u00e9rida\"\n\t\t\t\t\taria-label=\"Calle P\u00edo Baroja, 7 , M\u00e9rida\"\n\t\t\t><\/iframe>\n\t\t<\/div>\n\t\t\t\t\t\t<\/div>\n\t\t\t\t<\/div>\n\t\t\t\t\t<\/div>\n\t\t<\/div>\n\t\t\t\t\t<\/div>\n\t\t<\/section>\n\t\t\t\t<section class=\"elementor-section elementor-top-section elementor-element elementor-element-45c0d3f elementor-section-full_width elementor-section-height-default elementor-section-height-default\" data-id=\"45c0d3f\" data-element_type=\"section\">\n\t\t\t\t\t\t<div class=\"elementor-container elementor-column-gap-no\">\n\t\t\t\t\t<div class=\"elementor-column elementor-col-100 elementor-top-column elementor-element elementor-element-4db378a\" data-id=\"4db378a\" data-element_type=\"column\">\n\t\t\t<div class=\"elementor-widget-wrap elementor-element-populated\">\n\t\t\t\t\t\t<div class=\"elementor-element elementor-element-c30b419 elementor-widget elementor-widget-barnix-contact-info\" data-id=\"c30b419\" data-element_type=\"widget\" data-widget_type=\"barnix-contact-info.default\">\n\t\t\t\t<div class=\"elementor-widget-container\">\n\t\t\t\t\t    <!-- Contact Info Section -->\r\n\t<section class=\"contact-info-section\">\r\n\t\t<div class=\"auto-container\">\r\n\t\t\t<div class=\"inner-container\">\r\n\t\t\t\t<div class=\"row clearfix\">\r\n\t\t\t\t\t\r\n\t\t\t\t\t\t\t\t\t\t<!-- Info Block -->\r\n\t\t\t\t\t<div class=\"info-block col-lg-4 col-md-6 col-sm-12\">\r\n\t\t\t\t\t\t<div class=\"inner-box\">\r\n\t\t\t\t\t\t\t<div class=\"icon-outer\">\r\n\t\t\t\t\t\t\t\t<div class=\"icon\"><i aria-hidden=\"true\" class=\"flaticon flaticon-call-2\"><\/i><\/div>\r\n\t\t\t\t\t\t\t<\/div>\r\n\t\t\t\t\t\t\t<h5>Por tel\u00e9fono<\/h5>\r\n\t\t\t\t\t\t\t<div class=\"text\">(+34) 652 977 541 <br>\n<\/div>\r\n\t\t\t\t\t\t<\/div>\r\n\t\t\t\t\t<\/div>\r\n\t\t\t\t\t\t\t\t\t\t<!-- Info Block -->\r\n\t\t\t\t\t<div class=\"info-block col-lg-4 col-md-6 col-sm-12\">\r\n\t\t\t\t\t\t<div class=\"inner-box\">\r\n\t\t\t\t\t\t\t<div class=\"icon-outer\">\r\n\t\t\t\t\t\t\t\t<div class=\"icon\"><i aria-hidden=\"true\" class=\"flaticon flaticon-map\"><\/i><\/div>\r\n\t\t\t\t\t\t\t<\/div>\r\n\t\t\t\t\t\t\t<h5>Sede<\/h5>\r\n\t\t\t\t\t\t\t<div class=\"text\">Calle P\u00edo Baroja 7<br>\n06800, M\u00e9ridao (Badajoz)<\/div>\r\n\t\t\t\t\t\t<\/div>\r\n\t\t\t\t\t<\/div>\r\n\t\t\t\t\t\t\t\t\t\t<!-- Info Block -->\r\n\t\t\t\t\t<div class=\"info-block col-lg-4 col-md-6 col-sm-12\">\r\n\t\t\t\t\t\t<div class=\"inner-box\">\r\n\t\t\t\t\t\t\t<div class=\"icon-outer\">\r\n\t\t\t\t\t\t\t\t<div class=\"icon\"><i aria-hidden=\"true\" class=\"flaticon flaticon-clock\"><\/i><\/div>\r\n\t\t\t\t\t\t\t<\/div>\r\n\t\t\t\t\t\t\t<h5>Horario de oficina<\/h5>\r\n\t\t\t\t\t\t\t<div class=\"text\">Lunes a viernes <br>\n09:00 AM - 17:00 PM<\/div>\r\n\t\t\t\t\t\t<\/div>\r\n\t\t\t\t\t<\/div>\r\n\t\t\t\t\t\r\n\t\t\t\t<\/div>\r\n\t\t\t\t                    <!-- Contact Form -->\r\n                    <div class=\"contact-form\">\r\n                        \n<div class=\"wpcf7 no-js\" id=\"wpcf7-f606-o1\" lang=\"en-US\" dir=\"ltr\" data-wpcf7-id=\"606\">\n<div class=\"screen-reader-response\"><p role=\"status\" aria-live=\"polite\" aria-atomic=\"true\"><\/p> <ul><\/ul><\/div>\n<form action=\"\/index.php?rest_route=%2Fwp%2Fv2%2Fpages%2F598#wpcf7-f606-o1\" method=\"post\" class=\"wpcf7-form init\" aria-label=\"Contact form\" novalidate=\"novalidate\" data-status=\"init\">\n<fieldset class=\"hidden-fields-container\"><input type=\"hidden\" name=\"_wpcf7\" value=\"606\" \/><input type=\"hidden\" name=\"_wpcf7_version\" value=\"6.1.2\" \/><input type=\"hidden\" name=\"_wpcf7_locale\" value=\"en_US\" \/><input type=\"hidden\" name=\"_wpcf7_unit_tag\" value=\"wpcf7-f606-o1\" \/><input type=\"hidden\" name=\"_wpcf7_container_post\" value=\"0\" \/><input type=\"hidden\" name=\"_wpcf7_posted_data_hash\" value=\"\" \/>\n<\/fieldset>\n<div class=\"row clearfix\">\n\t<div class=\"col-lg-6 col-md-6 col-sm-12 form-group\">\n\t\t<p><span class=\"wpcf7-form-control-wrap\" data-name=\"cf-main-479\"><input size=\"40\" maxlength=\"400\" class=\"wpcf7-form-control wpcf7-text wpcf7-validates-as-required\" aria-required=\"true\" aria-invalid=\"false\" placeholder=\"Introduce tu nombre*\" value=\"\" type=\"text\" name=\"cf-main-479\" \/><\/span>\n\t\t<\/p>\n\t<\/div>\n\t<div class=\"col-lg-6 col-md-6 col-sm-12 form-group\">\n\t\t<p><span class=\"wpcf7-form-control-wrap\" data-name=\"cf-main-email-90\"><input size=\"40\" maxlength=\"400\" class=\"wpcf7-form-control wpcf7-email wpcf7-validates-as-required wpcf7-text wpcf7-validates-as-email\" aria-required=\"true\" aria-invalid=\"false\" placeholder=\"Introduce tu email ..\" value=\"\" type=\"email\" name=\"cf-main-email-90\" \/><\/span>\n\t\t<\/p>\n\t<\/div>\n\t<div class=\"col-lg-6 col-md-6 col-sm-12 form-group\">\n\t\t<p><span class=\"wpcf7-form-control-wrap\" data-name=\"cf-main-phone-479\"><input size=\"40\" maxlength=\"400\" class=\"wpcf7-form-control wpcf7-text wpcf7-validates-as-required\" aria-required=\"true\" aria-invalid=\"false\" placeholder=\"Introduce tu tel\u00e9fono*\" value=\"\" type=\"text\" name=\"cf-main-phone-479\" \/><\/span>\n\t\t<\/p>\n\t<\/div>\n\t<div class=\"col-lg-6 col-md-6 col-sm-12 form-group\">\n\t\t<p><span class=\"wpcf7-form-control-wrap\" data-name=\"cf-main-sub-479\"><input size=\"40\" maxlength=\"400\" class=\"wpcf7-form-control wpcf7-text wpcf7-validates-as-required\" aria-required=\"true\" aria-invalid=\"false\" placeholder=\"Asunto*\" value=\"\" type=\"text\" name=\"cf-main-sub-479\" \/><\/span>\n\t\t<\/p>\n\t<\/div>\n\t<div class=\"col-lg-12 col-md-12 col-sm-12 form-group\">\n\t\t<p><span class=\"wpcf7-form-control-wrap\" data-name=\"cf-main-message-494\"><textarea cols=\"40\" rows=\"10\" maxlength=\"2000\" class=\"wpcf7-form-control wpcf7-textarea\" aria-invalid=\"false\" placeholder=\"Comentario, Sugerencia, Cuesti\u00f3n..\" name=\"cf-main-message-494\"><\/textarea><\/span>\n\t\t<\/p>\n\t<\/div>\n\t<div class=\"col-lg-12 col-md-12 col-sm-12 form-group text-center\">\n\t\t<p><button class=\"theme-btn btn-style-eleven clearfix\"><span class=\"btn-wrap\"><span class=\"text-one\">Enviar mensaje<\/span> <span class=\"text-two\">Enviar mensaje<\/span><\/span><\/button>\n\t\t<\/p>\n\t<\/div>\n<\/div><div class=\"wpcf7-response-output\" aria-hidden=\"true\"><\/div>\n<\/form>\n<\/div>\n                    <\/div>\r\n                    <!-- End Contact Form -->\r\n\t\t\t\t\t\t\t<\/div>\r\n\t\t<\/div>\r\n\t<\/section>\r\n\t<!-- End Team Page Section -->\r\n    \t\t\t\t<\/div>\n\t\t\t\t<\/div>\n\t\t\t\t\t<\/div>\n\t\t<\/div>\n\t\t\t\t\t<\/div>\n\t\t<\/section>\n\t\t\t\t<\/div>\n\t\t","protected":false},"excerpt":{"rendered":"<p>Contacta con nosotros v\u00eda email v\u00eda email Por tel\u00e9fono (+34) 652 977 541 Sede Calle P\u00edo Baroja 7 06800, M\u00e9ridao (Badajoz) Horario de oficina Lunes a viernes 09:00 AM &#8211; 17:00 PM Enviar mensaje Enviar mensaje<\/p>\n","protected":false},"author":1,"featured_media":0,"parent":0,"menu_order":0,"comment_status":"closed","ping_status":"closed","template":"barnix-template.php","meta":{"inline_featured_image":false,"footnotes":""},"class_list":["post-598","page","type-page","status-publish","hentry"],"aioseo_notices":[],"_links":{"self":[{"href":"https:\/\/emprendiciencia.com\/index.php?rest_route=\/wp\/v2\/pages\/598","targetHints":{"allow":["GET"]}}],"collection":[{"href":"https:\/\/emprendiciencia.com\/index.php?rest_route=\/wp\/v2\/pages"}],"about":[{"href":"https:\/\/emprendiciencia.com\/index.php?rest_route=\/wp\/v2\/types\/page"}],"author":[{"embeddable":true,"href":"https:\/\/emprendiciencia.com\/index.php?rest_route=\/wp\/v2\/users\/1"}],"replies":[{"embeddable":true,"href":"https:\/\/emprendiciencia.com\/index.php?rest_route=%2Fwp%2Fv2%2Fcomments&post=598"}],"version-history":[{"count":31,"href":"https:\/\/emprendiciencia.com\/index.php?rest_route=\/wp\/v2\/pages\/598\/revisions"}],"predecessor-version":[{"id":2756,"href":"https:\/\/emprendiciencia.com\/index.php?rest_route=\/wp\/v2\/pages\/598\/revisions\/2756"}],"wp:attachment":[{"href":"https:\/\/emprendiciencia.com\/index.php?rest_route=%2Fwp%2Fv2%2Fmedia&parent=598"}],"curies":[{"name":"wp","href":"https:\/\/api.w.org\/{rel}","templated":true}]}}