{"id":955,"date":"2022-07-16T05:20:41","date_gmt":"2022-07-16T05:20:41","guid":{"rendered":"https:\/\/themexriver.com\/wp\/barnix\/?page_id=955"},"modified":"2025-10-08T10:28:58","modified_gmt":"2025-10-08T08:28:58","slug":"equipo","status":"publish","type":"page","link":"https:\/\/emprendiciencia.com\/?page_id=955","title":{"rendered":"Team"},"content":{"rendered":"\t\t<div data-elementor-type=\"wp-page\" data-elementor-id=\"955\" class=\"elementor elementor-955\">\n\t\t\t\t\t\t<section class=\"elementor-section elementor-top-section elementor-element elementor-element-0149315 elementor-section-full_width elementor-section-height-default elementor-section-height-default\" data-id=\"0149315\" data-element_type=\"section\">\n\t\t\t\t\t\t<div class=\"elementor-container elementor-column-gap-no\">\n\t\t\t\t\t<div class=\"elementor-column elementor-col-100 elementor-top-column elementor-element elementor-element-83617cd\" data-id=\"83617cd\" data-element_type=\"column\">\n\t\t\t<div class=\"elementor-widget-wrap elementor-element-populated\">\n\t\t\t\t\t\t<div class=\"elementor-element elementor-element-453fb58 elementor-widget elementor-widget-barnix-breadcrumb-banner\" data-id=\"453fb58\" data-element_type=\"widget\" data-widget_type=\"barnix-breadcrumb-banner.default\">\n\t\t\t\t<div class=\"elementor-widget-container\">\n\t\t\t\t\t    <!-- Page Title -->\r\n    <section class=\"page-title\">\r\n\t\t<div class=\"auto-container\">\r\n            <div class=\"content\">\r\n                \t\t\t\t<h2>Conoce a nuestro equipo<\/h2>\r\n                                \t\t\t\t<!-- Button Box -->\r\n\t\t\t\t<div class=\"button-box\">\r\n\t\t\t\t\t<a href=\"mailto:hola@emprendiciencia.com\" class=\"theme-btn btn-style-eleven clearfix\">\r\n\t\t\t\t\t\t<span class=\"btn-wrap\">\r\n\t\t\t\t\t\t\t<span class=\"text-one\">Cont\u00e1ctanos<\/span>\r\n\t\t\t\t\t\t\t<span class=\"text-two\">Cont\u00e1ctanos<\/span>\r\n\t\t\t\t\t\t<\/span>\r\n\t\t\t\t\t<\/a>\r\n\t\t\t\t<\/div>\r\n\t\t\t\t<!-- End Button Box -->\r\n                \t\t\t<\/div>\r\n\t\t<\/div>\r\n\t<\/section>\r\n\t<!-- End Page Title -->\r\n    \t\t\t\t<\/div>\n\t\t\t\t<\/div>\n\t\t\t\t\t<\/div>\n\t\t<\/div>\n\t\t\t\t\t<\/div>\n\t\t<\/section>\n\t\t\t\t<section class=\"elementor-section elementor-top-section elementor-element elementor-element-c99e427 elementor-section-full_width elementor-section-content-middle elementor-section-height-default elementor-section-height-default\" data-id=\"c99e427\" data-element_type=\"section\" data-settings=\"{&quot;background_background&quot;:&quot;classic&quot;}\">\n\t\t\t\t\t\t<div class=\"elementor-container elementor-column-gap-no\">\n\t\t\t\t\t<div class=\"elementor-column elementor-col-100 elementor-top-column elementor-element elementor-element-b365479\" data-id=\"b365479\" data-element_type=\"column\">\n\t\t\t<div class=\"elementor-widget-wrap elementor-element-populated\">\n\t\t\t\t\t\t<div class=\"elementor-element elementor-element-cf260b6 elementor-widget elementor-widget-barnix-team\" data-id=\"cf260b6\" data-element_type=\"widget\" data-widget_type=\"barnix-team.default\">\n\t\t\t\t<div class=\"elementor-widget-container\">\n\t\t\t\t\t    <!-- Team Section -->\r\n\t<section class=\"team-section\">\r\n\t\t<div class=\"auto-container\">\r\n            \t\t\t<div class=\"row clearfix\">\r\n                \t\t\t\t<!-- Team Block -->\r\n\t\t\t\t<div class=\"team-block col-lg-3 col-md-4 col-sm-12\">\r\n\t\t\t\t\t<div class=\"inner-box\">\r\n\t\t\t\t\t\t<div class=\"image\">\r\n                            \t\t\t\t\t\t\t<div class=\"overlay-box\">\r\n\t\t\t\t\t\t\t\t<h5><a href=\"\"><\/a><\/h5>\r\n\t\t\t\t\t\t\t\t<div class=\"designation\"><\/div>\r\n\t\t\t\t\t\t\t\t<!-- Social Box -->\r\n\t\t\t\t\t\t\t\t<ul class=\"social-box\">\r\n                                                                            <li><a href=\"\">\r\n                                        <\/a><\/li>\r\n                                    \t\r\n\r\n                                                                            <li><a href=\"\">\r\n                                        <\/a><\/li>\r\n                                    \t\r\n\r\n                                                                            <li><a href=\"\">\r\n                                        <\/a><\/li>\r\n                                    \t\r\n\r\n                                                                            <li><a href=\"\">\r\n                                        <\/a><\/li>\r\n                                    \t\r\n\r\n                                                                            <li><a href=\"\">\r\n                                        <\/a><\/li>\r\n                                    \t\r\n\t\t\t\t\t\t\t\t<\/ul>\r\n\t\t\t\t\t\t\t<\/div>\r\n\t\t\t\t\t\t<\/div>\r\n\t\t\t\t\t<\/div>\r\n\t\t\t\t<\/div>\r\n\t\t\t\t\t\t\t\t<!-- Team Block -->\r\n\t\t\t\t<div class=\"team-block col-lg-3 col-md-4 col-sm-12\">\r\n\t\t\t\t\t<div class=\"inner-box\">\r\n\t\t\t\t\t\t<div class=\"image\">\r\n                            \t\t\t\t\t\t\t<img decoding=\"async\" src=\"https:\/\/emprendiciencia.com\/wp-content\/uploads\/2023\/05\/sergio.png\" alt=\"\" \/>\r\n                            \t\t\t\t\t\t\t<div class=\"overlay-box\">\r\n\t\t\t\t\t\t\t\t<h5><a href=\"#\">Sergio Aranda<\/a><\/h5>\r\n\t\t\t\t\t\t\t\t<div class=\"designation\">Consultor para el desarrollo de herramientas de Inteligencia Artificial y acompa\u00f1amiento a su implantaci\u00f3n en organizaciones.<\/div>\r\n\t\t\t\t\t\t\t\t<!-- Social Box -->\r\n\t\t\t\t\t\t\t\t<ul class=\"social-box\">\r\n                                                                            <li><a href=\"https:\/\/facebook.com\">\r\n                                        <\/a><\/li>\r\n                                    \t\r\n\r\n                                                                            <li><a href=\"https:\/\/twitter.com\">\r\n                                        <\/a><\/li>\r\n                                    \t\r\n\r\n                                                                            <li><a href=\"https:\/\/instagram.com\">\r\n                                        <\/a><\/li>\r\n                                    \t\r\n\r\n                                                                            <li><a href=\"https:\/\/www.linkedin.com\/in\/sergio-aranda-de-la-cruz-ab902259\/\">\r\n                                        <i aria-hidden=\"true\" class=\"fab fa-linkedin-in\"><\/i><\/a><\/li>\r\n                                    \t\r\n\r\n                                                                            <li><a href=\"https:\/\/dribbble.com\">\r\n                                        <\/a><\/li>\r\n                                    \t\r\n\t\t\t\t\t\t\t\t<\/ul>\r\n\t\t\t\t\t\t\t<\/div>\r\n\t\t\t\t\t\t<\/div>\r\n\t\t\t\t\t<\/div>\r\n\t\t\t\t<\/div>\r\n\t\t\t\t\t\t\t\t<!-- Team Block -->\r\n\t\t\t\t<div class=\"team-block col-lg-3 col-md-4 col-sm-12\">\r\n\t\t\t\t\t<div class=\"inner-box\">\r\n\t\t\t\t\t\t<div class=\"image\">\r\n                            \t\t\t\t\t\t\t<img decoding=\"async\" src=\"https:\/\/emprendiciencia.com\/wp-content\/uploads\/2023\/05\/carlos.png\" alt=\"\" \/>\r\n                            \t\t\t\t\t\t\t<div class=\"overlay-box\">\r\n\t\t\t\t\t\t\t\t<h5><a href=\"#\">Juan Carlos Cano<\/a><\/h5>\r\n\t\t\t\t\t\t\t\t<div class=\"designation\">Consultor y desarrollador experto de soluciones de IoT e integraci\u00f3n de soluciones de sensorizaci\u00f3n e Inteligencia Artificial en aplicaciones web.<\/div>\r\n\t\t\t\t\t\t\t\t<!-- Social Box -->\r\n\t\t\t\t\t\t\t\t<ul class=\"social-box\">\r\n                                                                            <li><a href=\"https:\/\/facebook.com\">\r\n                                        <\/a><\/li>\r\n                                    \t\r\n\r\n                                                                            <li><a href=\"https:\/\/twitter.com\">\r\n                                        <\/a><\/li>\r\n                                    \t\r\n\r\n                                                                            <li><a href=\"https:\/\/instagram.com\">\r\n                                        <\/a><\/li>\r\n                                    \t\r\n\r\n                                                                            <li><a href=\"https:\/\/www.linkedin.com\/in\/juancarloscanorangel\/\">\r\n                                        <i aria-hidden=\"true\" class=\"fab fa-linkedin-in\"><\/i><\/a><\/li>\r\n                                    \t\r\n\r\n                                                                            <li><a href=\"https:\/\/dribbble.com\">\r\n                                        <\/a><\/li>\r\n                                    \t\r\n\t\t\t\t\t\t\t\t<\/ul>\r\n\t\t\t\t\t\t\t<\/div>\r\n\t\t\t\t\t\t<\/div>\r\n\t\t\t\t\t<\/div>\r\n\t\t\t\t<\/div>\r\n\t\t\t\t\t\t\t\t<!-- Team Block -->\r\n\t\t\t\t<div class=\"team-block col-lg-3 col-md-4 col-sm-12\">\r\n\t\t\t\t\t<div class=\"inner-box\">\r\n\t\t\t\t\t\t<div class=\"image\">\r\n                            \t\t\t\t\t\t\t<img decoding=\"async\" src=\"https:\/\/emprendiciencia.com\/wp-content\/uploads\/2023\/05\/David.png\" alt=\"\" \/>\r\n                            \t\t\t\t\t\t\t<div class=\"overlay-box\">\r\n\t\t\t\t\t\t\t\t<h5><a href=\"#\">David Carretero<\/a><\/h5>\r\n\t\t\t\t\t\t\t\t<div class=\"designation\">Consultor y desarrollador experto en fabricaci\u00f3n digital y automatizaciones con Inteligencia Artificial.<\/div>\r\n\t\t\t\t\t\t\t\t<!-- Social Box -->\r\n\t\t\t\t\t\t\t\t<ul class=\"social-box\">\r\n                                                                            <li><a href=\"https:\/\/facebook.com\">\r\n                                        <\/a><\/li>\r\n                                    \t\r\n\r\n                                                                            <li><a href=\"https:\/\/twitter.com\">\r\n                                        <\/a><\/li>\r\n                                    \t\r\n\r\n                                                                            <li><a href=\"https:\/\/instagram.com\">\r\n                                        <\/a><\/li>\r\n                                    \t\r\n\r\n                                                                            <li><a href=\"https:\/\/www.linkedin.com\/in\/davidcb01\/\">\r\n                                        <i aria-hidden=\"true\" class=\"fab fa-linkedin-in\"><\/i><\/a><\/li>\r\n                                    \t\r\n\r\n                                                                            <li><a href=\"https:\/\/dribbble.com\">\r\n                                        <\/a><\/li>\r\n                                    \t\r\n\t\t\t\t\t\t\t\t<\/ul>\r\n\t\t\t\t\t\t\t<\/div>\r\n\t\t\t\t\t\t<\/div>\r\n\t\t\t\t\t<\/div>\r\n\t\t\t\t<\/div>\r\n\t\t\t\t\t\t\t<\/div>\r\n\t\t<\/div>\r\n\t<\/section>\r\n\t<!-- End Team Section -->\r\n    \t\t\t\t<\/div>\n\t\t\t\t<\/div>\n\t\t\t\t\t<\/div>\n\t\t<\/div>\n\t\t\t\t\t<\/div>\n\t\t<\/section>\n\t\t\t\t<section class=\"elementor-section elementor-top-section elementor-element elementor-element-2928b7d elementor-section-boxed elementor-section-height-default elementor-section-height-default\" data-id=\"2928b7d\" data-element_type=\"section\">\n\t\t\t\t\t\t<div class=\"elementor-container elementor-column-gap-default\">\n\t\t\t\t\t<div class=\"elementor-column elementor-col-100 elementor-top-column elementor-element elementor-element-4b197e8\" data-id=\"4b197e8\" data-element_type=\"column\">\n\t\t\t<div class=\"elementor-widget-wrap elementor-element-populated\">\n\t\t\t\t\t\t<div class=\"elementor-element elementor-element-3f5bcab elementor-widget elementor-widget-heading\" data-id=\"3f5bcab\" data-element_type=\"widget\" data-widget_type=\"heading.default\">\n\t\t\t\t<div class=\"elementor-widget-container\">\n\t\t\t\t\t<h2 class=\"elementor-heading-title elementor-size-default\">Descubre lo que nuestro equipo puede hacer por ti o tu entidad.<\/h2>\t\t\t\t<\/div>\n\t\t\t\t<\/div>\n\t\t\t\t<div class=\"elementor-element elementor-element-1a3cbcd elementor-widget__width-initial elementor-widget elementor-widget-heading\" data-id=\"1a3cbcd\" data-element_type=\"widget\" data-widget_type=\"heading.default\">\n\t\t\t\t<div class=\"elementor-widget-container\">\n\t\t\t\t\t<p class=\"elementor-heading-title elementor-size-default\">Somos un equipo <strong data-start=\"28\" data-end=\"56\">multidisciplinar y maker<\/strong>. Esa mezcla nos permite abordar proyectos desde distintos puntos de vista y cubrir todo el ciclo: idea, prototipo y despliegue. <br><br>Contamos con <span data-start=\"199\" data-end=\"227\" style=\"font-weight: bolder\">consultores estrat\u00e9gicos<\/span> conectados con la <span data-start=\"246\" data-end=\"265\" style=\"font-weight: bolder\">econom\u00eda social<\/span> y con especialistas en <span data-start=\"289\" data-end=\"332\" style=\"font-weight: bolder\">innovaci\u00f3n social, creatividad y dise\u00f1o<\/span>. Trabajamos con metodolog\u00edas contrastadas \u2014incluida la propia <span data-start=\"395\" data-end=\"416\" style=\"font-weight: bolder\">e! Toolkit Design<\/span>\u2014 para <span data-start=\"423\" data-end=\"444\" style=\"font-weight: bolder\">prototipar r\u00e1pido<\/span> y alcanzar un <span data-start=\"459\" data-end=\"466\" style=\"font-weight: bolder\">MVP<\/span> listo para validar con tus grupos de inter\u00e9s.<br><br>Tambi\u00e9n sumamos <strong data-start=\"530\" data-end=\"544\">tecn\u00f3logos<\/strong> en <strong data-start=\"548\" data-end=\"611\">programaci\u00f3n, electr\u00f3nica, IA, fabricaci\u00f3n digital y dise\u00f1o<\/strong>, capaces de desarrollar <strong data-start=\"636\" data-end=\"663\">proyectos llave en mano<\/strong> con calidad y tiempos ajustados.<br><br>Perfiles clave del equipo:<br><br>- <strong data-start=\"730\" data-end=\"767\">Consultor\u00eda e implantaci\u00f3n de IA:<\/strong> Dise\u00f1o de herramientas a medida y acompa\u00f1amiento en su adopci\u00f3n dentro de la organizaci\u00f3n.<br>- <strong data-start=\"863\" data-end=\"892\">IoT + IA conectada a web:<\/strong> Desarrollo de soluciones de sensorizaci\u00f3n y su <strong data-start=\"940\" data-end=\"956\">acoplamiento<\/strong> con aplicaciones y paneles online.<br>- <strong data-start=\"996\" data-end=\"1044\">Fabricaci\u00f3n digital y automatizaci\u00f3n con IA:<\/strong> Dise\u00f1o, prototipado y puesta en marcha de sistemas que ahorran tiempo y mejoran procesos.<\/p>\t\t\t\t<\/div>\n\t\t\t\t<\/div>\n\t\t\t\t\t<\/div>\n\t\t<\/div>\n\t\t\t\t\t<\/div>\n\t\t<\/section>\n\t\t\t\t<section class=\"elementor-section elementor-top-section elementor-element elementor-element-e0e70af elementor-section-full_width elementor-section-height-default elementor-section-height-default\" data-id=\"e0e70af\" data-element_type=\"section\">\n\t\t\t\t\t\t<div class=\"elementor-container elementor-column-gap-no\">\n\t\t\t\t\t<div class=\"elementor-column elementor-col-100 elementor-top-column elementor-element elementor-element-a03e5a5\" data-id=\"a03e5a5\" data-element_type=\"column\">\n\t\t\t<div class=\"elementor-widget-wrap elementor-element-populated\">\n\t\t\t\t\t\t<div class=\"elementor-element elementor-element-2fe71cd elementor-widget elementor-widget-info-box-widget\" data-id=\"2fe71cd\" data-element_type=\"widget\" data-widget_type=\"info-box-widget.default\">\n\t\t\t\t<div class=\"elementor-widget-container\">\n\t\t\t\t\t    <!-- Vision Section -->\r\n\t<section class=\"vision-section\">\r\n\t\t<div class=\"auto-container\">\r\n\t\t\t<div class=\"row clearfix\">\r\n                \t\t\t\t<!-- Vison Block -->\r\n\t\t\t\t<div class=\"vision-block col-lg-6 col-md-12 col-sm-12 elementor-repeater-item-0086016\">\r\n\t\t\t\t\t<div class=\"inner-box wow fadeInLeft\" data-wow-delay=\"\" data-wow-duration=\"1500ms\">\r\n\t\t\t\t\t\t<h3>Vamos a por lo dif\u00edcil, porque en lo f\u00e1cil siempre hay cola.<\/h3>\r\n\t\t\t\t\t\t<div class=\"text\">Nos gustan los retos. Somos hacedoras y so\u00f1adoras pero sobretodo nos encanta hacer lo sue\u00f1os realidad.<\/div>\r\n\t\t\t\t\t\t<a href=\"mailto:hola@emprendiciencia.com\" class=\"read-more\">\u00bfNos cuentas tu sue\u00f1o?<\/a>\r\n\t\t\t\t\t<\/div>\r\n\t\t\t\t<\/div>\r\n\t\t\t\t\t\t\t\t<!-- Vison Block -->\r\n\t\t\t\t<div class=\"vision-block col-lg-6 col-md-12 col-sm-12 elementor-repeater-item-1c52920\">\r\n\t\t\t\t\t<div class=\"inner-box wow fadeInLeft\" data-wow-delay=\"\" data-wow-duration=\"1500ms\">\r\n\t\t\t\t\t\t<h3>Hacemos lo imposible, porque lo posible es m\u00e1s f\u00e1cil.<\/h3>\r\n\t\t\t\t\t\t<div class=\"text\">Para obtener resultados diferentes, hay que hacer cosas diferentes. Nos encanta ser esos ni\u00f1os raros.<\/div>\r\n\t\t\t\t\t\t<a href=\"mailto:hola@emprendiciencia.com\" class=\"read-more\">\u00bfQuieres ser de nuestra tribu?<\/a>\r\n\t\t\t\t\t<\/div>\r\n\t\t\t\t<\/div>\r\n\t\t\t\t\t\t\t<\/div>\r\n\t\t<\/div>\r\n\t<\/section>\r\n\t<!-- End Vision Section -->\r\n    \t\t\t\t<\/div>\n\t\t\t\t<\/div>\n\t\t\t\t\t<\/div>\n\t\t<\/div>\n\t\t\t\t\t<\/div>\n\t\t<\/section>\n\t\t\t\t<\/div>\n\t\t","protected":false},"excerpt":{"rendered":"<p>Conoce a nuestro equipo Cont\u00e1ctanos Cont\u00e1ctanos Sergio Aranda Consultor para el desarrollo de herramientas de Inteligencia Artificial y acompa\u00f1amiento a su implantaci\u00f3n en organizaciones. Juan Carlos Cano Consultor y desarrollador experto de soluciones de IoT e integraci\u00f3n de soluciones de sensorizaci\u00f3n e Inteligencia Artificial en aplicaciones web. David Carretero Consultor y desarrollador experto en fabricaci\u00f3n [&hellip;]<\/p>\n","protected":false},"author":1,"featured_media":0,"parent":0,"menu_order":0,"comment_status":"closed","ping_status":"closed","template":"barnix-template.php","meta":{"inline_featured_image":false,"footnotes":""},"class_list":["post-955","page","type-page","status-publish","hentry"],"aioseo_notices":[],"_links":{"self":[{"href":"https:\/\/emprendiciencia.com\/index.php?rest_route=\/wp\/v2\/pages\/955","targetHints":{"allow":["GET"]}}],"collection":[{"href":"https:\/\/emprendiciencia.com\/index.php?rest_route=\/wp\/v2\/pages"}],"about":[{"href":"https:\/\/emprendiciencia.com\/index.php?rest_route=\/wp\/v2\/types\/page"}],"author":[{"embeddable":true,"href":"https:\/\/emprendiciencia.com\/index.php?rest_route=\/wp\/v2\/users\/1"}],"replies":[{"embeddable":true,"href":"https:\/\/emprendiciencia.com\/index.php?rest_route=%2Fwp%2Fv2%2Fcomments&post=955"}],"version-history":[{"count":70,"href":"https:\/\/emprendiciencia.com\/index.php?rest_route=\/wp\/v2\/pages\/955\/revisions"}],"predecessor-version":[{"id":2745,"href":"https:\/\/emprendiciencia.com\/index.php?rest_route=\/wp\/v2\/pages\/955\/revisions\/2745"}],"wp:attachment":[{"href":"https:\/\/emprendiciencia.com\/index.php?rest_route=%2Fwp%2Fv2%2Fmedia&parent=955"}],"curies":[{"name":"wp","href":"https:\/\/api.w.org\/{rel}","templated":true}]}}